{"id":162,"date":"2021-10-28T07:59:50","date_gmt":"2021-10-28T07:59:50","guid":{"rendered":"https:\/\/dev.mediadome.at\/tischlereigruber\/?page_id=162"},"modified":"2022-05-19T08:16:13","modified_gmt":"2022-05-19T08:16:13","slug":"projekte","status":"publish","type":"page","link":"https:\/\/tischlereigruber.at\/index.php\/projekte\/","title":{"rendered":"Projekte"},"content":{"rendered":"\t\t<div data-elementor-type=\"wp-page\" data-elementor-id=\"162\" class=\"elementor elementor-162\" data-elementor-post-type=\"page\">\n\t\t\t\t\t\t<section class=\"elementor-section elementor-top-section elementor-element elementor-element-3d72f96 elementor-section-boxed elementor-section-height-default elementor-section-height-default\" data-id=\"3d72f96\" data-element_type=\"section\" data-e-type=\"section\" data-settings=\"{&quot;shape_divider_bottom&quot;:&quot;waves&quot;,&quot;background_background&quot;:&quot;classic&quot;}\">\n\t\t\t\t\t\t\t<div class=\"elementor-background-overlay\"><\/div>\n\t\t\t\t\t\t<div class=\"elementor-shape elementor-shape-bottom\" aria-hidden=\"true\" data-negative=\"false\">\n\t\t\t<svg xmlns=\"http:\/\/www.w3.org\/2000\/svg\" viewBox=\"0 0 1000 100\" preserveAspectRatio=\"none\">\n\t<path class=\"elementor-shape-fill\" d=\"M421.9,6.5c22.6-2.5,51.5,0.4,75.5,5.3c23.6,4.9,70.9,23.5,100.5,35.7c75.8,32.2,133.7,44.5,192.6,49.7\n\tc23.6,2.1,48.7,3.5,103.4-2.5c54.7-6,106.2-25.6,106.2-25.6V0H0v30.3c0,0,72,32.6,158.4,30.5c39.2-0.7,92.8-6.7,134-22.4\n\tc21.2-8.1,52.2-18.2,79.7-24.2C399.3,7.9,411.6,7.5,421.9,6.5z\"\/>\n<\/svg>\t\t<\/div>\n\t\t\t\t\t<div class=\"elementor-container elementor-column-gap-default\">\n\t\t\t\t\t<div class=\"elementor-column elementor-col-100 elementor-top-column elementor-element elementor-element-4be027b8\" data-id=\"4be027b8\" data-element_type=\"column\" data-e-type=\"column\">\n\t\t\t<div class=\"elementor-widget-wrap elementor-element-populated\">\n\t\t\t\t\t\t<div class=\"elementor-element elementor-element-2fcfab4 elementor-widget__width-initial elementor-widget elementor-widget-heading\" data-id=\"2fcfab4\" data-element_type=\"widget\" data-e-type=\"widget\" data-widget_type=\"heading.default\">\n\t\t\t\t<div class=\"elementor-widget-container\">\n\t\t\t\t\t<h1 class=\"elementor-heading-title elementor-size-default\">Projekte<\/h1>\t\t\t\t<\/div>\n\t\t\t\t<\/div>\n\t\t\t\t\t<\/div>\n\t\t<\/div>\n\t\t\t\t\t<\/div>\n\t\t<\/section>\n\t\t\t\t<section class=\"elementor-section elementor-top-section elementor-element elementor-element-f519509 elementor-section-boxed elementor-section-height-default elementor-section-height-default\" data-id=\"f519509\" data-element_type=\"section\" data-e-type=\"section\">\n\t\t\t\t\t\t<div class=\"elementor-container elementor-column-gap-default\">\n\t\t\t\t\t<div class=\"elementor-column elementor-col-33 elementor-top-column elementor-element elementor-element-25a3e41\" data-id=\"25a3e41\" data-element_type=\"column\" data-e-type=\"column\">\n\t\t\t<div class=\"elementor-widget-wrap elementor-element-populated\">\n\t\t\t\t\t\t<div class=\"elementor-element elementor-element-03e375f elementor-widget elementor-widget-e_image_hover_effects\" data-id=\"03e375f\" data-element_type=\"widget\" data-e-type=\"widget\" data-widget_type=\"e_image_hover_effects.default\">\n\t\t\t\t<div class=\"elementor-widget-container\">\n\t\t\t\t\t\t\t\t<a href=\"https:\/\/tischlereigruber.at\/index.php\/2022\/04\/13\/wohnung-lassingleitnerplatz\/\">\n\t\t\t\t\t<div class=\"eihe-box eihe-fade-in-up eihe_center\">\n\t\t\t\t<img fetchpriority=\"high\" decoding=\"async\" width=\"500\" height=\"500\" src=\"https:\/\/tischlereigruber.at\/wp-content\/uploads\/2022\/04\/lassingleitner.jpg\" class=\"attachment-full size-full wp-image-419\" alt=\"\" srcset=\"https:\/\/tischlereigruber.at\/wp-content\/uploads\/2022\/04\/lassingleitner.jpg 500w, https:\/\/tischlereigruber.at\/wp-content\/uploads\/2022\/04\/lassingleitner-300x300.jpg 300w, https:\/\/tischlereigruber.at\/wp-content\/uploads\/2022\/04\/lassingleitner-150x150.jpg 150w\" sizes=\"(max-width: 500px) 100vw, 500px\" \/>\t\t\t\t<div class=\"eihe-caption\">\n\t\t\t\t\t<div class=\"eihe-title-cover\">\n\t\t\t\t\t\t\t\t\t\t\t\t<h3 class=\"eihe-title\">Wohnungsgestaltung<\/h3>\n\t\t\t\t\t\t\t\t\t\t\t<\/div>\n\t\t\t\t\t<p>Lassingleitnerplatz Wien<\/p>\n\t\t\t\t<\/div>\n\t\t\t<\/div>\n\t\t\t\t\t<\/a>\n\t\t\t\t\t\t<\/div>\n\t\t\t\t<\/div>\n\t\t\t\t\t<\/div>\n\t\t<\/div>\n\t\t\t\t<div class=\"elementor-column elementor-col-33 elementor-top-column elementor-element elementor-element-81c212a\" data-id=\"81c212a\" data-element_type=\"column\" data-e-type=\"column\">\n\t\t\t<div class=\"elementor-widget-wrap elementor-element-populated\">\n\t\t\t\t\t\t<div class=\"elementor-element elementor-element-a7d4d0b elementor-widget elementor-widget-e_image_hover_effects\" data-id=\"a7d4d0b\" data-element_type=\"widget\" data-e-type=\"widget\" data-widget_type=\"e_image_hover_effects.default\">\n\t\t\t\t<div class=\"elementor-widget-container\">\n\t\t\t\t\t\t\t\t<a href=\"https:\/\/tischlereigruber.at\/index.php\/2022\/04\/14\/johnson-johnson\/\">\n\t\t\t\t\t<div class=\"eihe-box eihe-fade-in-up eihe_center\">\n\t\t\t\t<img decoding=\"async\" width=\"500\" height=\"500\" src=\"https:\/\/tischlereigruber.at\/wp-content\/uploads\/2022\/04\/johnson.jpg\" class=\"attachment-full size-full wp-image-418\" alt=\"\" srcset=\"https:\/\/tischlereigruber.at\/wp-content\/uploads\/2022\/04\/johnson.jpg 500w, https:\/\/tischlereigruber.at\/wp-content\/uploads\/2022\/04\/johnson-300x300.jpg 300w, https:\/\/tischlereigruber.at\/wp-content\/uploads\/2022\/04\/johnson-150x150.jpg 150w\" sizes=\"(max-width: 500px) 100vw, 500px\" \/>\t\t\t\t<div class=\"eihe-caption\">\n\t\t\t\t\t<div class=\"eihe-title-cover\">\n\t\t\t\t\t\t\t\t\t\t\t\t<h3 class=\"eihe-title\">B\u00fcroeinrichtung<\/h3>\n\t\t\t\t\t\t\t\t\t\t\t<\/div>\n\t\t\t\t\t<p>Johnson Johnson<\/p>\n\t\t\t\t<\/div>\n\t\t\t<\/div>\n\t\t\t\t\t<\/a>\n\t\t\t\t\t\t<\/div>\n\t\t\t\t<\/div>\n\t\t\t\t\t<\/div>\n\t\t<\/div>\n\t\t\t\t<div class=\"elementor-column elementor-col-33 elementor-top-column elementor-element elementor-element-7ba3e3b\" data-id=\"7ba3e3b\" data-element_type=\"column\" data-e-type=\"column\">\n\t\t\t<div class=\"elementor-widget-wrap elementor-element-populated\">\n\t\t\t\t\t\t<div class=\"elementor-element elementor-element-c99c0ba elementor-widget elementor-widget-e_image_hover_effects\" data-id=\"c99c0ba\" data-element_type=\"widget\" data-e-type=\"widget\" data-widget_type=\"e_image_hover_effects.default\">\n\t\t\t\t<div class=\"elementor-widget-container\">\n\t\t\t\t\t\t\t\t<a href=\"https:\/\/tischlereigruber.at\/index.php\/2022\/04\/14\/h3g\/\">\n\t\t\t\t\t<div class=\"eihe-box eihe-fade-in-up eihe_center\">\n\t\t\t\t<img decoding=\"async\" width=\"500\" height=\"500\" src=\"https:\/\/tischlereigruber.at\/wp-content\/uploads\/2022\/04\/h3g.jpg\" class=\"attachment-full size-full wp-image-417\" alt=\"\" srcset=\"https:\/\/tischlereigruber.at\/wp-content\/uploads\/2022\/04\/h3g.jpg 500w, https:\/\/tischlereigruber.at\/wp-content\/uploads\/2022\/04\/h3g-300x300.jpg 300w, https:\/\/tischlereigruber.at\/wp-content\/uploads\/2022\/04\/h3g-150x150.jpg 150w\" sizes=\"(max-width: 500px) 100vw, 500px\" \/>\t\t\t\t<div class=\"eihe-caption\">\n\t\t\t\t\t<div class=\"eihe-title-cover\">\n\t\t\t\t\t\t\t\t\t\t\t\t<h3 class=\"eihe-title\">B\u00fcroeinrichtung<\/h3>\n\t\t\t\t\t\t\t\t\t\t\t<\/div>\n\t\t\t\t\t<p>H3G<\/p>\n\t\t\t\t<\/div>\n\t\t\t<\/div>\n\t\t\t\t\t<\/a>\n\t\t\t\t\t\t<\/div>\n\t\t\t\t<\/div>\n\t\t\t\t\t<\/div>\n\t\t<\/div>\n\t\t\t\t\t<\/div>\n\t\t<\/section>\n\t\t\t\t<section class=\"elementor-section elementor-top-section elementor-element elementor-element-96a422f elementor-section-boxed elementor-section-height-default elementor-section-height-default\" data-id=\"96a422f\" data-element_type=\"section\" data-e-type=\"section\">\n\t\t\t\t\t\t<div class=\"elementor-container elementor-column-gap-default\">\n\t\t\t\t\t<div class=\"elementor-column elementor-col-33 elementor-top-column elementor-element elementor-element-bec34d0\" data-id=\"bec34d0\" data-element_type=\"column\" data-e-type=\"column\">\n\t\t\t<div class=\"elementor-widget-wrap elementor-element-populated\">\n\t\t\t\t\t\t<div class=\"elementor-element elementor-element-f4d95db elementor-widget elementor-widget-e_image_hover_effects\" data-id=\"f4d95db\" data-element_type=\"widget\" data-e-type=\"widget\" data-widget_type=\"e_image_hover_effects.default\">\n\t\t\t\t<div class=\"elementor-widget-container\">\n\t\t\t\t\t\t\t\t<a href=\"https:\/\/tischlereigruber.at\/index.php\/2022\/04\/14\/neubauer-partner\/\">\n\t\t\t\t\t<div class=\"eihe-box eihe-fade-in-up eihe_center\">\n\t\t\t\t<img loading=\"lazy\" decoding=\"async\" width=\"500\" height=\"500\" src=\"https:\/\/tischlereigruber.at\/wp-content\/uploads\/2022\/04\/neubauer.jpg\" class=\"attachment-full size-full wp-image-414\" alt=\"\" srcset=\"https:\/\/tischlereigruber.at\/wp-content\/uploads\/2022\/04\/neubauer.jpg 500w, https:\/\/tischlereigruber.at\/wp-content\/uploads\/2022\/04\/neubauer-300x300.jpg 300w, https:\/\/tischlereigruber.at\/wp-content\/uploads\/2022\/04\/neubauer-150x150.jpg 150w\" sizes=\"(max-width: 500px) 100vw, 500px\" \/>\t\t\t\t<div class=\"eihe-caption\">\n\t\t\t\t\t<div class=\"eihe-title-cover\">\n\t\t\t\t\t\t\t\t\t\t\t\t<h3 class=\"eihe-title\">B\u00fcroeinrichtung<\/h3>\n\t\t\t\t\t\t\t\t\t\t\t<\/div>\n\t\t\t\t\t<p>Neubauer Partner<\/p>\n\t\t\t\t<\/div>\n\t\t\t<\/div>\n\t\t\t\t\t<\/a>\n\t\t\t\t\t\t<\/div>\n\t\t\t\t<\/div>\n\t\t\t\t\t<\/div>\n\t\t<\/div>\n\t\t\t\t<div class=\"elementor-column elementor-col-33 elementor-top-column elementor-element elementor-element-dc64692\" data-id=\"dc64692\" data-element_type=\"column\" data-e-type=\"column\">\n\t\t\t<div class=\"elementor-widget-wrap elementor-element-populated\">\n\t\t\t\t\t\t<div class=\"elementor-element elementor-element-e5b7256 elementor-widget elementor-widget-e_image_hover_effects\" data-id=\"e5b7256\" data-element_type=\"widget\" data-e-type=\"widget\" data-widget_type=\"e_image_hover_effects.default\">\n\t\t\t\t<div class=\"elementor-widget-container\">\n\t\t\t\t\t\t\t\t<a href=\"https:\/\/tischlereigruber.at\/index.php\/2022\/04\/14\/talentcenter\/\">\n\t\t\t\t\t<div class=\"eihe-box eihe-fade-in-up eihe_center\">\n\t\t\t\t<img loading=\"lazy\" decoding=\"async\" width=\"500\" height=\"500\" src=\"https:\/\/tischlereigruber.at\/wp-content\/uploads\/2022\/04\/talentcenter.jpg\" class=\"attachment-full size-full wp-image-415\" alt=\"\" srcset=\"https:\/\/tischlereigruber.at\/wp-content\/uploads\/2022\/04\/talentcenter.jpg 500w, https:\/\/tischlereigruber.at\/wp-content\/uploads\/2022\/04\/talentcenter-300x300.jpg 300w, https:\/\/tischlereigruber.at\/wp-content\/uploads\/2022\/04\/talentcenter-150x150.jpg 150w\" sizes=\"(max-width: 500px) 100vw, 500px\" \/>\t\t\t\t<div class=\"eihe-caption\">\n\t\t\t\t\t<div class=\"eihe-title-cover\">\n\t\t\t\t\t\t\t\t\t\t\t\t<h3 class=\"eihe-title\">B\u00fcroeinrichtung<\/h3>\n\t\t\t\t\t\t\t\t\t\t\t<\/div>\n\t\t\t\t\t<p>Talentcenter<\/p>\n\t\t\t\t<\/div>\n\t\t\t<\/div>\n\t\t\t\t\t<\/a>\n\t\t\t\t\t\t<\/div>\n\t\t\t\t<\/div>\n\t\t\t\t\t<\/div>\n\t\t<\/div>\n\t\t\t\t<div class=\"elementor-column elementor-col-33 elementor-top-column elementor-element elementor-element-ccf3330\" data-id=\"ccf3330\" data-element_type=\"column\" data-e-type=\"column\">\n\t\t\t<div class=\"elementor-widget-wrap elementor-element-populated\">\n\t\t\t\t\t\t<div class=\"elementor-element elementor-element-a6f2a31 elementor-widget elementor-widget-e_image_hover_effects\" data-id=\"a6f2a31\" data-element_type=\"widget\" data-e-type=\"widget\" data-widget_type=\"e_image_hover_effects.default\">\n\t\t\t\t<div class=\"elementor-widget-container\">\n\t\t\t\t\t\t\t\t<a href=\"https:\/\/tischlereigruber.at\/index.php\/2022\/04\/14\/thales\/\">\n\t\t\t\t\t<div class=\"eihe-box eihe-fade-in-up eihe_center\">\n\t\t\t\t<img loading=\"lazy\" decoding=\"async\" width=\"500\" height=\"500\" src=\"https:\/\/tischlereigruber.at\/wp-content\/uploads\/2022\/04\/thales.jpg\" class=\"attachment-full size-full wp-image-416\" alt=\"\" srcset=\"https:\/\/tischlereigruber.at\/wp-content\/uploads\/2022\/04\/thales.jpg 500w, https:\/\/tischlereigruber.at\/wp-content\/uploads\/2022\/04\/thales-300x300.jpg 300w, https:\/\/tischlereigruber.at\/wp-content\/uploads\/2022\/04\/thales-150x150.jpg 150w\" sizes=\"(max-width: 500px) 100vw, 500px\" \/>\t\t\t\t<div class=\"eihe-caption\">\n\t\t\t\t\t<div class=\"eihe-title-cover\">\n\t\t\t\t\t\t\t\t\t\t\t\t<h3 class=\"eihe-title\">B\u00fcroeinrichtung<\/h3>\n\t\t\t\t\t\t\t\t\t\t\t<\/div>\n\t\t\t\t\t<p>Thales<\/p>\n\t\t\t\t<\/div>\n\t\t\t<\/div>\n\t\t\t\t\t<\/a>\n\t\t\t\t\t\t<\/div>\n\t\t\t\t<\/div>\n\t\t\t\t\t<\/div>\n\t\t<\/div>\n\t\t\t\t\t<\/div>\n\t\t<\/section>\n\t\t\t\t<section class=\"elementor-section elementor-top-section elementor-element elementor-element-84f250e elementor-section-boxed elementor-section-height-default elementor-section-height-default\" data-id=\"84f250e\" data-element_type=\"section\" data-e-type=\"section\">\n\t\t\t\t\t\t<div class=\"elementor-container elementor-column-gap-default\">\n\t\t\t\t\t<div class=\"elementor-column elementor-col-33 elementor-top-column elementor-element elementor-element-6cbb3f7\" data-id=\"6cbb3f7\" data-element_type=\"column\" data-e-type=\"column\">\n\t\t\t<div class=\"elementor-widget-wrap elementor-element-populated\">\n\t\t\t\t\t\t<div class=\"elementor-element elementor-element-01f15bd elementor-widget elementor-widget-e_image_hover_effects\" data-id=\"01f15bd\" data-element_type=\"widget\" data-e-type=\"widget\" data-widget_type=\"e_image_hover_effects.default\">\n\t\t\t\t<div class=\"elementor-widget-container\">\n\t\t\t\t\t\t\t\t<a href=\"https:\/\/tischlereigruber.at\/index.php\/2022\/04\/14\/waagner-biro\/\">\n\t\t\t\t\t<div class=\"eihe-box eihe-fade-in-up eihe_center\">\n\t\t\t\t<img loading=\"lazy\" decoding=\"async\" width=\"500\" height=\"500\" src=\"https:\/\/tischlereigruber.at\/wp-content\/uploads\/2022\/04\/waagner.jpg\" class=\"attachment-full size-full wp-image-413\" alt=\"\" srcset=\"https:\/\/tischlereigruber.at\/wp-content\/uploads\/2022\/04\/waagner.jpg 500w, https:\/\/tischlereigruber.at\/wp-content\/uploads\/2022\/04\/waagner-300x300.jpg 300w, https:\/\/tischlereigruber.at\/wp-content\/uploads\/2022\/04\/waagner-150x150.jpg 150w\" sizes=\"(max-width: 500px) 100vw, 500px\" \/>\t\t\t\t<div class=\"eihe-caption\">\n\t\t\t\t\t<div class=\"eihe-title-cover\">\n\t\t\t\t\t\t\t\t\t\t\t\t<h3 class=\"eihe-title\">B\u00fcroeinrichtung<\/h3>\n\t\t\t\t\t\t\t\t\t\t\t<\/div>\n\t\t\t\t\t<p>Waagner Biro<\/p>\n\t\t\t\t<\/div>\n\t\t\t<\/div>\n\t\t\t\t\t<\/a>\n\t\t\t\t\t\t<\/div>\n\t\t\t\t<\/div>\n\t\t\t\t\t<\/div>\n\t\t<\/div>\n\t\t\t\t<div class=\"elementor-column elementor-col-33 elementor-top-column elementor-element elementor-element-e5a5e31\" data-id=\"e5a5e31\" data-element_type=\"column\" data-e-type=\"column\" data-settings=\"{&quot;background_background&quot;:&quot;classic&quot;}\">\n\t\t\t<div class=\"elementor-widget-wrap elementor-element-populated\">\n\t\t\t\t\t\t<div class=\"elementor-element elementor-element-e252639 elementor-widget elementor-widget-text-editor\" data-id=\"e252639\" data-element_type=\"widget\" data-e-type=\"widget\" data-widget_type=\"text-editor.default\">\n\t\t\t\t<div class=\"elementor-widget-container\">\n\t\t\t\t\t\t\t\t\t<p>Wir verleihen jeden Auftrag seine besondere Note. Durch au\u00dfergew\u00f6hnliche Formen, Details oder Kombinationen versuchen wir alles uns M\u00f6gliche umzusetzen.<\/p>\t\t\t\t\t\t\t\t<\/div>\n\t\t\t\t<\/div>\n\t\t\t\t\t<\/div>\n\t\t<\/div>\n\t\t\t\t<div class=\"elementor-column elementor-col-33 elementor-top-column elementor-element elementor-element-48a8fd2\" data-id=\"48a8fd2\" data-element_type=\"column\" data-e-type=\"column\">\n\t\t\t<div class=\"elementor-widget-wrap elementor-element-populated\">\n\t\t\t\t\t\t<div class=\"elementor-element elementor-element-6750262 elementor-widget elementor-widget-e_image_hover_effects\" data-id=\"6750262\" data-element_type=\"widget\" data-e-type=\"widget\" data-widget_type=\"e_image_hover_effects.default\">\n\t\t\t\t<div class=\"elementor-widget-container\">\n\t\t\t\t\t\t\t\t<a href=\"https:\/\/tischlereigruber.at\/index.php\/2022\/04\/14\/her\/\">\n\t\t\t\t\t<div class=\"eihe-box eihe-fade-in-up eihe_center\">\n\t\t\t\t<img loading=\"lazy\" decoding=\"async\" width=\"500\" height=\"500\" src=\"https:\/\/tischlereigruber.at\/wp-content\/uploads\/2022\/04\/hertha.jpg\" class=\"attachment-full size-full wp-image-412\" alt=\"\" srcset=\"https:\/\/tischlereigruber.at\/wp-content\/uploads\/2022\/04\/hertha.jpg 500w, https:\/\/tischlereigruber.at\/wp-content\/uploads\/2022\/04\/hertha-300x300.jpg 300w, https:\/\/tischlereigruber.at\/wp-content\/uploads\/2022\/04\/hertha-150x150.jpg 150w\" sizes=\"(max-width: 500px) 100vw, 500px\" \/>\t\t\t\t<div class=\"eihe-caption\">\n\t\t\t\t\t<div class=\"eihe-title-cover\">\n\t\t\t\t\t\t\t\t\t\t\t\t<h3 class=\"eihe-title\">B\u00fcroeinrichtung<\/h3>\n\t\t\t\t\t\t\t\t\t\t\t<\/div>\n\t\t\t\t\t<p>Hertha Turnaus<\/p>\n\t\t\t\t<\/div>\n\t\t\t<\/div>\n\t\t\t\t\t<\/a>\n\t\t\t\t\t\t<\/div>\n\t\t\t\t<\/div>\n\t\t\t\t\t<\/div>\n\t\t<\/div>\n\t\t\t\t\t<\/div>\n\t\t<\/section>\n\t\t\t\t<\/div>\n\t\t","protected":false},"excerpt":{"rendered":"<p>Projekte Wohnungsgestaltung Lassingleitnerplatz Wien B\u00fcroeinrichtung Johnson Johnson B\u00fcroeinrichtung H3G B\u00fcroeinrichtung Neubauer Partner B\u00fcroeinrichtung Talentcenter B\u00fcroeinrichtung Thales B\u00fcroeinrichtung Waagner Biro Wir verleihen jeden Auftrag seine besondere Note. Durch au\u00dfergew\u00f6hnliche Formen, Details oder Kombinationen versuchen wir alles uns M\u00f6gliche umzusetzen. B\u00fcroeinrichtung Hertha Turnaus<\/p>\n","protected":false},"author":1,"featured_media":0,"parent":0,"menu_order":0,"comment_status":"closed","ping_status":"closed","template":"","meta":{"footnotes":""},"class_list":["post-162","page","type-page","status-publish","hentry"],"_links":{"self":[{"href":"https:\/\/tischlereigruber.at\/index.php\/wp-json\/wp\/v2\/pages\/162","targetHints":{"allow":["GET"]}}],"collection":[{"href":"https:\/\/tischlereigruber.at\/index.php\/wp-json\/wp\/v2\/pages"}],"about":[{"href":"https:\/\/tischlereigruber.at\/index.php\/wp-json\/wp\/v2\/types\/page"}],"author":[{"embeddable":true,"href":"https:\/\/tischlereigruber.at\/index.php\/wp-json\/wp\/v2\/users\/1"}],"replies":[{"embeddable":true,"href":"https:\/\/tischlereigruber.at\/index.php\/wp-json\/wp\/v2\/comments?post=162"}],"version-history":[{"count":22,"href":"https:\/\/tischlereigruber.at\/index.php\/wp-json\/wp\/v2\/pages\/162\/revisions"}],"predecessor-version":[{"id":578,"href":"https:\/\/tischlereigruber.at\/index.php\/wp-json\/wp\/v2\/pages\/162\/revisions\/578"}],"wp:attachment":[{"href":"https:\/\/tischlereigruber.at\/index.php\/wp-json\/wp\/v2\/media?parent=162"}],"curies":[{"name":"wp","href":"https:\/\/api.w.org\/{rel}","templated":true}]}}